{"id":1110,"date":"2013-12-12T22:44:16","date_gmt":"2013-12-12T21:44:16","guid":{"rendered":"http:\/\/www.loick.de\/blog\/?page_id=1110"},"modified":"2018-05-18T11:27:23","modified_gmt":"2018-05-18T09:27:23","slug":"datenschutzhinweise","status":"publish","type":"page","link":"https:\/\/www.loick.de\/blog\/?page_id=1110","title":{"rendered":"Datenschutzhinweise"},"content":{"rendered":"<h2>Wer ich bin<\/h2>\n<p>Ich bin Maxim Loick und blogge hier als ich privat vor mich hin. <a href=\"http:\/\/www.loick.de\/blog\/?page_id=20\">Alles weitere zu mir findest Du im Impressum<\/a>.<\/p>\n<p>Die Adresse meiner Website ist https:\/\/www.loick.de.<\/p>\n<h2>Welche personenbezogenen Daten ich sammele und warum ich sie sammele<\/h2>\n<p>Grunds\u00e4tzlich speichere ich keine personenbezogenen Daten, au\u00dfer jetzt denen, die hier im folgenden beschrieben werden.<\/p>\n<h3>Kommentare<\/h3>\n<p>Wenn Besucherinnen Kommentare auf der Website schreiben, sammele ich die Daten, die im Kommentar-Formular angezeigt werden, au\u00dferdem die IP-Adresse der Besucherin und den User-Agent-String (damit wird der Browser identifiziert), um die Erkennung von Spam zu unterst\u00fctzen.<\/p>\n<p>Aus Deiner E-Mail-Adresse kann eine anonymisierte Zeichenfolge erstellt (auch Hash genannt) und dem Gravatar-Dienst \u00fcbergeben werden, um zu pr\u00fcfen, ob Du diesen benutzt. Die Datenschutzerkl\u00e4rung des Gravatar-Dienstes findest Du hier: https:\/\/automattic.com\/privacy\/. Nachdem Dein Kommentar freigegeben wurde, ist Dein Profilbild \u00f6ffentlich im Kontext Deines Kommentars sichtbar.<\/p>\n<h3>Medien<\/h3>\n<p>Wenn Du eine registrierte Benutzerin bist und Fotos auf diese Website l\u00e4dst, solltest Du vermeiden, Fotos mit einem EXIF-GPS-Standort hochzuladen. Besucherinnen dieser Website k\u00f6nnten Fotos, die auf dieser Website gespeichert sind, herunterladen und deren Standort-Informationen extrahieren.<\/p>\n<h3>Kontaktformulare<\/h3>\n<p>Fand ich schon immer bl\u00f6d, daher habe ich kein Kontaktformular. <a href=\"http:\/\/www.loick.de\/blog\/?page_id=20\">Wenn Du mich anschreiben oder anderweitig Kontakt zu mir aufnehmen m\u00f6chtest, findest Du meine Kontaktdaten im Impressum<\/a>.<\/p>\n<h3>Cookies<\/h3>\n<p>Wenn Du einen Kommentar auf meine Website schreibst, kann das eine Einwilligung sein, Deinen Namen, E-Mail-Adresse und Website in Cookies zu speichern. Dies ist eine Komfortfunktion, damit Du nicht, wenn Du einen weiteren Kommentar schreibst, all diese Daten erneut eingeben musst. Diese Cookies werden ein Jahr lang gespeichert.<\/p>\n<p>Falls Du ein Konto hast und Dich auf dieser Website anmeldest, werde ich ein tempor\u00e4res Cookie setzen, um festzustellen, ob Dein Browser Cookies akzeptiert. Dieses Cookie enth\u00e4lt keine personenbezogenen Daten und wird verworfen, wenn Du deinen Browser schlie\u00dft.<\/p>\n<p>Wenn Du Dich anmeldest, werde ich einige Cookies einrichten, um Deine Anmeldeinformationen und Anzeigeoptionen zu speichern. Anmelde-Cookies verfallen nach zwei Tagen und Cookies f\u00fcr die Anzeigeoptionen nach einem Jahr. Falls Du bei der Anmeldung \u201eAngemeldet bleiben\u201c ausw\u00e4hlst, wird Deine Anmeldung zwei Wochen lang aufrechterhalten. Mit der Abmeldung aus Deinem Konto werden die Anmelde-Cookies gel\u00f6scht.<\/p>\n<p>Wenn Du einen Artikel bearbeitest oder ver\u00f6ffentlichst, wird ein zus\u00e4tzlicher Cookie in Deinem Browser gespeichert. Dieser Cookie enth\u00e4lt keine personenbezogenen Daten und verweist nur auf die Beitrags-ID des Artikels, den Du gerade bearbeitet hast. Der Cookie verf\u00e4llt nach einem Tag.<\/p>\n<p>Ausserdem verwende ich das Webanalyse-Tool \u201eMatomo\u201c (fr\u00fcher \u201ePiwik\u201c), das noch zwei weitere Cookies setzt, s. dazu den Abschnitt &#8222;Analysetools&#8220; weiter unten in diesen Datenschutzhinweisen.<\/p>\n<h3>Eingebettete Inhalte von anderen Websites<\/h3>\n<p>Beitr\u00e4ge auf dieser Website k\u00f6nnen eingebettete Inhalte beinhalten (z.\u00a0B. Videos, Bilder, Beitr\u00e4ge etc.). Eingebettete Inhalte von anderen Websites verhalten sich exakt so, als ob die Besucherin die andere Website besucht h\u00e4tte.<\/p>\n<p>Diese Websites k\u00f6nnen Daten \u00fcber Dich sammeln, Cookies benutzen, zus\u00e4tzliche Tracking-Dienste von Dritten einbetten und Deine Interaktion mit diesem eingebetteten Inhalt aufzeichnen, inklusive Deiner Interaktion mit dem eingebetteten Inhalt, falls Du ein Konto hast und auf dieser Website angemeldet bist.<\/p>\n<h3>Analysedienste<\/h3>\n<p>Auf meiner Website kommt das Webanalyse-Tool \u201eMatomo\u201c (fr\u00fcher \u201ePiwik\u201c genannt) zum Einsatz. In der von mir verwendeten Variante arbeitet das Analyse-Tool Matomo mit einer Anonymisierung von IP-Adressen. Dabei werden die IP-Adressen vor einer etwaigen Nutzung f\u00fcr die Analyse des Nutzungsverhaltens um die letzten beiden Oktetten gek\u00fcrzt. Damit ist nach ganz herrschender Meinung ein Personenbezug nicht mehr herstellbar. Deine IP-Adresse wird auch nur in der verk\u00fcrzten Form (und damit ohne Personenbezug) zur Durchf\u00fchrung einer groben Geolokalisierung genutzt. Hier wird Dein Herkunftsland und auch dein Access-Provider (\u201cInternetzugangsprovider\u201d) ermittelt und gespeichert.<\/p>\n<p>Das Analyse-Took Motomo funktioniert durch das Setzen eines Cookies, das \u00fcber das Ende Deines Besuches hinaus als sog. \u201cPersistent Cookie\u201d als kleine Textdatei auf Deinem Endger\u00e4t gespeichert wird.<\/p>\n<p>Das Cookie wird \u00fcber die Domain \u201eloick.de\u201c gesetzt und hat folgenden Namen:<\/p>\n<p style=\"padding-left: 30px;\">pkid.12.345 (Nummer ist individuell)<\/p>\n<p>Das Cookie hat eine Laufzeit von 6 Monaten und erm\u00f6glicht nicht nur das Wiedererkennen von Benutzerinnen, die schon einmal auf der Website gewesen sind, sondern auch die nichtpersonenbezogene Analyse des Verhaltens auf der Website. So kann ich z.B. erkennen, von welcher Seite aus Nutzerinnen auf diese Website gekommen sind und welchen \u201eKlickpfad\u201c Du dann genommen hast, also welche Seiten eine Nutzerin dann auf der Internetseite \u201ewww.loick.de\/blog&#8220; wie lange angesehen hat.<\/p>\n<p>Ich kann dar\u00fcber hinaus sehen, wie viele und welche Dateien von Nutzerinnen\/Besucherinnen heruntergeladen wurden. Ich habe keinerlei Interesse daran zu sehen, wie eine konkrete Person sich meine Website angesehen hat. Ich habe aber ein gro\u00dfes Interesse daran zu sehen, wie sich Benutzerinnen allgemein diese Website ansehen, was sie interessiert und wo m\u00f6glicherweise Fehler bereinigt werden m\u00fcssen, da eine Benutzerin auf eine falsche oder eine leere Seite st\u00f6\u00dft. Und nat\u00fcrlich finde ich es hochinteressant, welche Inhalte von Euch am meisten abgerufen werden. Warum? Damit ich noch mehr \u00e4hnlich interessante und beliebte Inhalte produzieren kann.<\/p>\n<p>Dar\u00fcber hinaus wird von Matomo auch ein sog. Session-Cookie gesetzt:<\/p>\n<p style=\"padding-left: 30px;\">Name: pkses.12345 (Nummer ist individuell)<\/p>\n<p>Das Cookie wird nach dem Ablauf jeder Sitzung automatisch gel\u00f6scht.<\/p>\n<p>Ein Personenbezug ist f\u00fcr mich \u00fcber diese Cookies nicht herstellbar. Die Cookies werden f\u00fcr Zwecke der Erstellung von nicht unmittelbar personenbezogenen Nutzerstatistiken verwendet (\u201epseudonyme Nutzungsprofile\u201c) erstellt. Nach \u00a7 15 Abs. 3 TMG hast Du ein Widerspruchsrecht gegen diese Verarbeitung von Daten, das Du wie folgt geltend machen kannst:<\/p>\n<p>Widerspruchsrecht i.S.d. \u00a7 15 Abs. 3 TMG:<br \/>\nDu kannst die Analyse des Nutzerverhaltens unterbinden, wenn du in deinem Browser das Setzen von Cookies durch diese Domain \u201eloick.de blockierst, indem Du z.B. eine Ausnahme im Browser einrichtest (so z.B. im Browser Firefox). Bitte sieh ggf. in der Programmhilfe nach, wie das in Deinem Browser eingerichtet werden kann.<\/p>\n<p>Nat\u00fcrlich kannst Du auch anlassbezogen im Einzelfall oder periodisch die o.g. Cookies in Deinem Browser l\u00f6schen, um Trackinginformationen zu l\u00f6schen.<\/p>\n<p>Wenn Du in Deinem Browser die sog. Do-Not-Track-Funktion (\u201eDNT\u201c) aktiviert hast, dann wird dein Besuch auf den Internetseiten automatisch nicht vom Webanalyse-Tool erfasst. Allerdings funktioniert das nicht bei jedem Browser. Um DNT in Deinem Browser zu aktivieren, schaust Du bitte in der Hilfe-Funktion deines Browsers nach, falls du nicht wei\u00dft, wie das aktiviert wird.<\/p>\n<p>Du hast au\u00dferdem die M\u00f6glichkeit, jede Form von Benutzerinnen-Analyse auf meiner Website k\u00fcnftig zu unterbinden, wenn Du ein sog. Block-Cookie bzw. Opt-Out-Cookie setzt. Das kannst \u00fcber die nachfolgend angezeigte Checkbox tun. Solange Du dieses Cookie im Browser nicht l\u00f6schst, wird eine Analyse Deines Nutzungsverhaltens unterbleiben. Wenn Du das Opt-Out-Cookie schon gesetzt hast, wird dies in der nachfolgenden Nachricht angezeigt. Du kannst dann au\u00dferdem auch die Webanalyse f\u00fcr diese Website wieder aktivieren, wenn du das m\u00f6chtest.<\/p>\n<p><iframe style=\"border: 0; height: 200px; width: 600px;\" src=\"https:\/\/loick.de\/piwik\/index.php?module=CoreAdminHome&amp;action=optOut&amp;language=de&amp;backgroundColor=&amp;fontColor=&amp;fontSize=&amp;fontFamily=\"><\/iframe><\/p>\n<h2>Mit wem ich Deine Daten teile<\/h2>\n<h3>Google Ajax &amp; jQuery Bibliotheken, Google Maps<\/h3>\n<p>Auf dieser Seite kommen z.T. Ajax- und jQuery-Technologien zum Einsatz. Zudem werden z.B. bei Hinweisen zu Veranstaltungen ggf. Google Maps angezeigt. Hierzu werden entsprechende Programmbibliotheken bzw. Karteninhalte von Servern von Google aufgerufen. Ich weise in diesem Zusammenhang darauf hin, dass durch diesen Einsatz externe Server von Google in den USA aufgerufen werden k\u00f6nnen. Mir ist derzeit leider nicht bekannt, ob Google diesen Server-Request protokolliert und weiter verwertet. <a href=\"http:\/\/www.google.de\/intl\/de\/policies\/privacy\/\">Ich gehe jedoch davon aus, dass auch diesbez\u00fcglich die Google Datenschutzhinweise<\/a> gelten. Es wird daher wohl in jedem Fall Deine IP-Adresse f\u00fcr einen Zeitraum von mehreren Monaten gespeichert. Gleiches gilt im \u00dcbrigen auch f\u00fcr Java-Script-Elemente, die f\u00fcr Zwecke der Browserkompatibilit\u00e4t (z.B. mit IE9) von Google-Servern geladen werden k\u00f6nnten.<\/p>\n<h3>YouTube &amp; Hinweise zur Einbindung von Videos<\/h3>\n<p>Ich verwende auf dieser Internetseite manchmal Videos. Videos sind eine gute M\u00f6glichkeit, um Inhalte besser zu transportieren und verst\u00e4ndlicher zu machen. Da ein lokales Hosting von Videos nicht leistungsf\u00e4hig genug ist, nutze ich die M\u00f6glichkeit von externen Video-Anbieterinnen. F\u00fcr meine eigenen Videos nutze ich vornehmlich <a href=\"http:\/\/www.youtube.com\/\">YouTube<\/a> und ab und an auch <a href=\"http:\/\/www.vimeo.com\/\">Vimeo<\/a>. Au\u00dferdem binde ich auch gelegentlich andere Videos von externen Seiten ein. Auch hier kommen Drittanbieterinnen zum Einsatz. Durch die Einbindung der Videos kommt es \u2013 technisch bedingt \u2013 zu Aufrufen der Server der Anbieterinnen wie z.B. Vimeo. F\u00fcr die damit verbundene Verwendung von Daten Deines Browsers bzw. Endger\u00e4tes verweise ich auf die jeweiligen Datenschutzhinweise der Anbieterinnen. Die Datenschutzhinweise von YouTube findest Du z.B. hier: <a href=\"https:\/\/www.google.de\/intl\/de\/policies\/privacy\/\">https:\/\/www.google.de\/intl\/de\/policies\/privacy\/<\/a>, die von Vimeo hier: <a href=\"https:\/\/vimeo.com\/privacy\">https:\/\/vimeo.com\/privacy.<\/a><\/p>\n<h2>Wie lange ich Deine Daten speichere<\/h2>\n<p>Wenn Du einen Kommentar schreibst, wird dieser inklusive Metadaten zeitlich unbegrenzt gespeichert. Auf diese Art kann ich Folgekommentare automatisch erkennen und freigeben, anstelle sie in einer Moderations-Warteschlange festzuhalten.<\/p>\n<p>F\u00fcr Benutzerinnen, die sich auf meiner Website registrieren, speichere ich zus\u00e4tzlich die pers\u00f6nlichen Informationen, die sie in ihren Benutzerprofilen angeben. Alle Benutzerinnen k\u00f6nnen jederzeit ihre pers\u00f6nlichen Informationen einsehen, ver\u00e4ndern oder l\u00f6schen (der Benutzername kann nicht ver\u00e4ndert werden). Administratorinnen der Website k\u00f6nnen diese Informationen ebenfalls einsehen und ver\u00e4ndern.<\/p>\n<h2>Welche Rechte Du an Deinen Daten hast<\/h2>\n<p>Wenn Du ein Konto auf dieser Website besitzt oder Kommentare geschrieben hast, kannst Du einen Export Deiner personenbezogenen Daten bei mir anfordern, inklusive aller Daten, die Du mir mitgeteilt hast. Dar\u00fcber hinaus kannst Du die L\u00f6schung aller personenbezogenen Daten, die ich von Dir gespeichert habe, anfordern. Dies umfasst nicht die Daten, die ich aufgrund administrativer, rechtlicher oder sicherheitsrelevanter Notwendigkeiten aufbewahren muss.<\/p>\n<h2>Wohin ich Deine Daten sende<\/h2>\n<p>Besucherinnen-Kommentare k\u00f6nnten von einem automatisierten Dienst zur Spam-Erkennung untersucht werden. Bei mir kommt Anti-Spam Bee zum Einsatz.\u00a0Antispam Bee blockiert Spamkommentare und -Trackbacks ohne Captchas und konform mit den europ\u00e4ischen Datenschutzstandards.<\/p>\n<h2>Meine Kontakt-Informationen<\/h2>\n<p><a href=\"http:\/\/www.loick.de\/blog\/?page_id=20\">Meine Kontaktinformationen findest Du in meinem Impressum.<\/a><\/p>\n<h2>Weitere Informationen<\/h2>\n<p>Ich betreibe den ganzen Shice hier privat. Keine Werbeeinnahmen, kein Sponsoring, n\u00fcscht.<\/p>\n<h3>Wie ich Deine Daten sch\u00fctze<\/h3>\n<p>Ich verwende WordPress Version 4.9.6 (oder neuer), was extra f\u00fcr die Konformit\u00e4t mit den Anforderungen der DSGVO erweitert wurde. Ich habe die Anzahl meiner Plugins soweit reduziert wie m\u00f6glich und jeweils gepr\u00fcft, ob diese zu den Anforderungen der DSGVO konform sind.<\/p>\n","protected":false},"excerpt":{"rendered":"<p>Wer ich bin Ich bin Maxim Loick und blogge hier als ich privat vor mich hin. Alles weitere zu mir findest Du im Impressum. Die Adresse meiner Website ist https:\/\/www.loick.de. Welche personenbezogenen Daten ich sammele und warum ich sie sammele Grunds\u00e4tzlich speichere ich keine personenbezogenen Daten, au\u00dfer jetzt denen, die hier im folgenden beschrieben werden.&hellip; <a class=\"more-link\" href=\"https:\/\/www.loick.de\/blog\/?page_id=1110\"><span class=\"screen-reader-text\">Datenschutzhinweise<\/span> weiterlesen<\/a><\/p>\n","protected":false},"author":2,"featured_media":0,"parent":0,"menu_order":0,"comment_status":"closed","ping_status":"closed","template":"","meta":{"footnotes":""},"class_list":["post-1110","page","type-page","status-publish","hentry","entry"],"_links":{"self":[{"href":"https:\/\/www.loick.de\/blog\/index.php?rest_route=\/wp\/v2\/pages\/1110","targetHints":{"allow":["GET"]}}],"collection":[{"href":"https:\/\/www.loick.de\/blog\/index.php?rest_route=\/wp\/v2\/pages"}],"about":[{"href":"https:\/\/www.loick.de\/blog\/index.php?rest_route=\/wp\/v2\/types\/page"}],"author":[{"embeddable":true,"href":"https:\/\/www.loick.de\/blog\/index.php?rest_route=\/wp\/v2\/users\/2"}],"replies":[{"embeddable":true,"href":"https:\/\/www.loick.de\/blog\/index.php?rest_route=%2Fwp%2Fv2%2Fcomments&post=1110"}],"version-history":[{"count":5,"href":"https:\/\/www.loick.de\/blog\/index.php?rest_route=\/wp\/v2\/pages\/1110\/revisions"}],"predecessor-version":[{"id":2041,"href":"https:\/\/www.loick.de\/blog\/index.php?rest_route=\/wp\/v2\/pages\/1110\/revisions\/2041"}],"wp:attachment":[{"href":"https:\/\/www.loick.de\/blog\/index.php?rest_route=%2Fwp%2Fv2%2Fmedia&parent=1110"}],"curies":[{"name":"wp","href":"https:\/\/api.w.org\/{rel}","templated":true}]}}